{"id":2,"date":"2024-11-05T19:29:13","date_gmt":"2024-11-05T19:29:13","guid":{"rendered":"https:\/\/xn--caffdaada-33a.it\/?page_id=2"},"modified":"2024-11-11T15:28:46","modified_gmt":"2024-11-11T15:28:46","slug":"home","status":"publish","type":"page","link":"https:\/\/xn--caffdaada-33a.it\/","title":{"rendered":"Home"},"content":{"rendered":"\t\t<div data-elementor-type=\"wp-page\" data-elementor-id=\"2\" class=\"elementor elementor-2\">\n\t\t\t\t<div class=\"elementor-element elementor-element-a448a32 e-flex e-con-boxed e-con e-parent\" data-id=\"a448a32\" data-element_type=\"container\">\n\t\t\t\t\t<div class=\"e-con-inner\">\n\t\t<div class=\"elementor-element elementor-element-f4282b0 e-con-full e-flex e-con e-child\" data-id=\"f4282b0\" data-element_type=\"container\" data-settings=\"{&quot;background_background&quot;:&quot;gradient&quot;}\">\n\t\t\t\t<div class=\"elementor-element elementor-element-ac90e79 elementor-widget elementor-widget-progress\" data-id=\"ac90e79\" data-element_type=\"widget\" data-widget_type=\"progress.default\">\n\t\t\t\t<div class=\"elementor-widget-container\">\n\t\t\t\t\t\t\t\t<h2 class=\"elementor-title\" id=\"elementor-progress-bar-ac90e79\">\n\t\t\t\tBuon Caff\u00e8\t\t\t<\/h2>\n\t\t\n\t\t<div aria-labelledby=\"elementor-progress-bar-ac90e79\" class=\"elementor-progress-wrapper\" role=\"progressbar\" aria-valuemin=\"0\" aria-valuemax=\"100\" aria-valuenow=\"100\" aria-valuetext=\"100% (Sempre Sul Fuoco)\">\n\t\t\t<div class=\"elementor-progress-bar\" data-max=\"100\">\n\t\t\t\t<span class=\"elementor-progress-text\">Sempre Sul Fuoco<\/span>\n\t\t\t\t\t\t\t\t\t<span class=\"elementor-progress-percentage\">100%<\/span>\n\t\t\t\t\t\t\t<\/div>\n\t\t<\/div>\n\t\t\t\t\t\t<\/div>\n\t\t\t\t<\/div>\n\t\t\t\t<div class=\"elementor-element elementor-element-f305031 elementor-widget elementor-widget-progress\" data-id=\"f305031\" data-element_type=\"widget\" data-widget_type=\"progress.default\">\n\t\t\t\t<div class=\"elementor-widget-container\">\n\t\t\t\t\t\t\t\t<h2 class=\"elementor-title\" id=\"elementor-progress-bar-f305031\">\n\t\t\t\tSimpatia\t\t\t<\/h2>\n\t\t\n\t\t<div aria-labelledby=\"elementor-progress-bar-f305031\" class=\"elementor-progress-wrapper\" role=\"progressbar\" aria-valuemin=\"0\" aria-valuemax=\"100\" aria-valuenow=\"100\" aria-valuetext=\"100% (Da Oltre 40 Anni)\">\n\t\t\t<div class=\"elementor-progress-bar\" data-max=\"100\">\n\t\t\t\t<span class=\"elementor-progress-text\">Da Oltre 40 Anni<\/span>\n\t\t\t\t\t\t\t\t\t<span class=\"elementor-progress-percentage\">100%<\/span>\n\t\t\t\t\t\t\t<\/div>\n\t\t<\/div>\n\t\t\t\t\t\t<\/div>\n\t\t\t\t<\/div>\n\t\t\t\t<div class=\"elementor-element elementor-element-3056a6c elementor-widget elementor-widget-progress\" data-id=\"3056a6c\" data-element_type=\"widget\" data-widget_type=\"progress.default\">\n\t\t\t\t<div class=\"elementor-widget-container\">\n\t\t\t\t\t\t\t\t<h2 class=\"elementor-title\" id=\"elementor-progress-bar-3056a6c\">\n\t\t\t\tTradizione e Qualit\u00e0\t\t\t<\/h2>\n\t\t\n\t\t<div aria-labelledby=\"elementor-progress-bar-3056a6c\" class=\"elementor-progress-wrapper\" role=\"progressbar\" aria-valuemin=\"0\" aria-valuemax=\"100\" aria-valuenow=\"100\" aria-valuetext=\"100% (Caffe  Al  Chicco)\">\n\t\t\t<div class=\"elementor-progress-bar\" data-max=\"100\">\n\t\t\t\t<span class=\"elementor-progress-text\">Caffe  Al  Chicco<\/span>\n\t\t\t\t\t\t\t\t\t<span class=\"elementor-progress-percentage\">100%<\/span>\n\t\t\t\t\t\t\t<\/div>\n\t\t<\/div>\n\t\t\t\t\t\t<\/div>\n\t\t\t\t<\/div>\n\t\t\t\t<\/div>\n\t\t<div class=\"elementor-element elementor-element-d732fe1 e-con-full e-flex e-con e-child\" data-id=\"d732fe1\" data-element_type=\"container\">\n\t\t\t\t<div class=\"elementor-element elementor-element-226d53e elementor-widget elementor-widget-google_maps\" data-id=\"226d53e\" data-element_type=\"widget\" data-widget_type=\"google_maps.default\">\n\t\t\t\t<div class=\"elementor-widget-container\">\n\t\t\t\t\t\t\t<div class=\"elementor-custom-embed\">\n\t\t\t<iframe loading=\"lazy\"\n\t\t\t\t\tsrc=\"https:\/\/maps.google.com\/maps?q=Via%20Salvador%20Allende%2C%2074%20Cattolica&#038;t=m&#038;z=16&#038;output=embed&#038;iwloc=near\"\n\t\t\t\t\ttitle=\"Via Salvador Allende, 74 Cattolica\"\n\t\t\t\t\taria-label=\"Via Salvador Allende, 74 Cattolica\"\n\t\t\t><\/iframe>\n\t\t<\/div>\n\t\t\t\t\t\t<\/div>\n\t\t\t\t<\/div>\n\t\t\t\t<\/div>\n\t\t\t\t\t<\/div>\n\t\t\t\t<\/div>\n\t\t<div class=\"elementor-element elementor-element-a4b1e94 e-con-full e-flex e-con e-parent\" data-id=\"a4b1e94\" data-element_type=\"container\" data-settings=\"{&quot;background_background&quot;:&quot;classic&quot;}\">\n\t\t\t\t<div class=\"elementor-element elementor-element-1a7a471 elementor-widget elementor-widget-html\" data-id=\"1a7a471\" data-element_type=\"widget\" data-widget_type=\"html.default\">\n\t\t\t\t<div class=\"elementor-widget-container\">\n\t\t\t\t\t<div class=\"responsive-container\">\n  <iframe loading=\"lazy\" class=\"responsive-iframe\"\n    src=\"https:\/\/www.canva.com\/design\/DAGWKamOjJo\/MMjn4TMNJrw6w5VXEzCO0w\/view?embed\" allowfullscreen=\"allowfullscreen\" allow=\"fullscreen\">\n  <\/iframe>\n<\/div>\n<a href=\"https:\/\/www.canva.com\/design\/DAGWKamOjJo\/MMjn4TMNJrw6w5VXEzCO0w\/view?utm_content=DAGWKamOjJo&utm_campaign=designshare&utm_medium=embeds&utm_source=link\" target=\"_blank\" rel=\"noopener\">WE ARE EVENTS<\/a> di asd gradara calcio\t\t\t\t<\/div>\n\t\t\t\t<\/div>\n\t\t\t\t<\/div>\n\t\t\t\t<\/div>\n\t\t","protected":false},"excerpt":{"rendered":"<p>Buon Caff\u00e8 Sempre Sul Fuoco 100% Simpatia Da Oltre 40 Anni 100% Tradizione e Qualit\u00e0 Caffe Al Chicco 100% WE ARE EVENTS di asd gradara calcio<\/p>\n","protected":false},"author":1,"featured_media":0,"parent":0,"menu_order":0,"comment_status":"closed","ping_status":"closed","template":"","meta":{"footnotes":""},"class_list":["post-2","page","type-page","status-publish","hentry"],"yoast_head":"<!-- This site is optimized with the Yoast SEO plugin v26.5 - https:\/\/yoast.com\/wordpress\/plugins\/seo\/ -->\n<title>Home - Da Ada<\/title>\n<meta name=\"robots\" content=\"index, follow, max-snippet:-1, max-image-preview:large, max-video-preview:-1\" \/>\n<link rel=\"canonical\" href=\"https:\/\/xn--caffdaada-33a.it\/\" \/>\n<meta property=\"og:locale\" content=\"it_IT\" \/>\n<meta property=\"og:type\" content=\"article\" \/>\n<meta property=\"og:title\" content=\"Home - Da Ada\" \/>\n<meta property=\"og:description\" content=\"Buon Caff\u00e8 Sempre Sul Fuoco 100% Simpatia Da Oltre 40 Anni 100% Tradizione e Qualit\u00e0 Caffe Al Chicco 100% WE ARE EVENTS di asd gradara calcio\" \/>\n<meta property=\"og:url\" content=\"https:\/\/xn--caffdaada-33a.it\/\" \/>\n<meta property=\"og:site_name\" content=\"Da Ada\" \/>\n<meta property=\"article:modified_time\" content=\"2024-11-11T15:28:46+00:00\" \/>\n<meta name=\"twitter:card\" content=\"summary_large_image\" \/>\n<meta name=\"twitter:label1\" content=\"Tempo di lettura stimato\" \/>\n\t<meta name=\"twitter:data1\" content=\"1 minuto\" \/>\n<script type=\"application\/ld+json\" class=\"yoast-schema-graph\">{\"@context\":\"https:\/\/schema.org\",\"@graph\":[{\"@type\":\"WebPage\",\"@id\":\"https:\/\/xn--caffdaada-33a.it\/\",\"url\":\"https:\/\/xn--caffdaada-33a.it\/\",\"name\":\"Home - Da Ada\",\"isPartOf\":{\"@id\":\"https:\/\/xn--caffdaada-33a.it\/#website\"},\"datePublished\":\"2024-11-05T19:29:13+00:00\",\"dateModified\":\"2024-11-11T15:28:46+00:00\",\"breadcrumb\":{\"@id\":\"https:\/\/xn--caffdaada-33a.it\/#breadcrumb\"},\"inLanguage\":\"it-IT\",\"potentialAction\":[{\"@type\":\"ReadAction\",\"target\":[\"https:\/\/xn--caffdaada-33a.it\/\"]}]},{\"@type\":\"BreadcrumbList\",\"@id\":\"https:\/\/xn--caffdaada-33a.it\/#breadcrumb\",\"itemListElement\":[{\"@type\":\"ListItem\",\"position\":1,\"name\":\"Home\",\"item\":\"https:\/\/xn--caffdaada-33a.it\/\"},{\"@type\":\"ListItem\",\"position\":2,\"name\":\"Home\"}]},{\"@type\":\"WebSite\",\"@id\":\"https:\/\/xn--caffdaada-33a.it\/#website\",\"url\":\"https:\/\/xn--caffdaada-33a.it\/\",\"name\":\"Caff\u00e8 Da Ada\",\"description\":\"Il caff\u00e8 \u00e8 una cosa seria\",\"publisher\":{\"@id\":\"https:\/\/xn--caffdaada-33a.it\/#organization\"},\"potentialAction\":[{\"@type\":\"SearchAction\",\"target\":{\"@type\":\"EntryPoint\",\"urlTemplate\":\"https:\/\/xn--caffdaada-33a.it\/?s={search_term_string}\"},\"query-input\":{\"@type\":\"PropertyValueSpecification\",\"valueRequired\":true,\"valueName\":\"search_term_string\"}}],\"inLanguage\":\"it-IT\"},{\"@type\":\"Organization\",\"@id\":\"https:\/\/xn--caffdaada-33a.it\/#organization\",\"name\":\"Da Ada\",\"url\":\"https:\/\/xn--caffdaada-33a.it\/\",\"logo\":{\"@type\":\"ImageObject\",\"inLanguage\":\"it-IT\",\"@id\":\"https:\/\/xn--caffdaada-33a.it\/#\/schema\/logo\/image\/\",\"url\":\"https:\/\/xn--caffdaada-33a.it\/wp-content\/uploads\/2024\/11\/cropped-cropped-DA-ADA-1.png\",\"contentUrl\":\"https:\/\/xn--caffdaada-33a.it\/wp-content\/uploads\/2024\/11\/cropped-cropped-DA-ADA-1.png\",\"width\":362,\"height\":362,\"caption\":\"Da Ada\"},\"image\":{\"@id\":\"https:\/\/xn--caffdaada-33a.it\/#\/schema\/logo\/image\/\"}}]}<\/script>\n<!-- \/ Yoast SEO plugin. -->","yoast_head_json":{"title":"Home - Da Ada","robots":{"index":"index","follow":"follow","max-snippet":"max-snippet:-1","max-image-preview":"max-image-preview:large","max-video-preview":"max-video-preview:-1"},"canonical":"https:\/\/xn--caffdaada-33a.it\/","og_locale":"it_IT","og_type":"article","og_title":"Home - Da Ada","og_description":"Buon Caff\u00e8 Sempre Sul Fuoco 100% Simpatia Da Oltre 40 Anni 100% Tradizione e Qualit\u00e0 Caffe Al Chicco 100% WE ARE EVENTS di asd gradara calcio","og_url":"https:\/\/xn--caffdaada-33a.it\/","og_site_name":"Da Ada","article_modified_time":"2024-11-11T15:28:46+00:00","twitter_card":"summary_large_image","twitter_misc":{"Tempo di lettura stimato":"1 minuto"},"schema":{"@context":"https:\/\/schema.org","@graph":[{"@type":"WebPage","@id":"https:\/\/xn--caffdaada-33a.it\/","url":"https:\/\/xn--caffdaada-33a.it\/","name":"Home - Da Ada","isPartOf":{"@id":"https:\/\/xn--caffdaada-33a.it\/#website"},"datePublished":"2024-11-05T19:29:13+00:00","dateModified":"2024-11-11T15:28:46+00:00","breadcrumb":{"@id":"https:\/\/xn--caffdaada-33a.it\/#breadcrumb"},"inLanguage":"it-IT","potentialAction":[{"@type":"ReadAction","target":["https:\/\/xn--caffdaada-33a.it\/"]}]},{"@type":"BreadcrumbList","@id":"https:\/\/xn--caffdaada-33a.it\/#breadcrumb","itemListElement":[{"@type":"ListItem","position":1,"name":"Home","item":"https:\/\/xn--caffdaada-33a.it\/"},{"@type":"ListItem","position":2,"name":"Home"}]},{"@type":"WebSite","@id":"https:\/\/xn--caffdaada-33a.it\/#website","url":"https:\/\/xn--caffdaada-33a.it\/","name":"Caff\u00e8 Da Ada","description":"Il caff\u00e8 \u00e8 una cosa seria","publisher":{"@id":"https:\/\/xn--caffdaada-33a.it\/#organization"},"potentialAction":[{"@type":"SearchAction","target":{"@type":"EntryPoint","urlTemplate":"https:\/\/xn--caffdaada-33a.it\/?s={search_term_string}"},"query-input":{"@type":"PropertyValueSpecification","valueRequired":true,"valueName":"search_term_string"}}],"inLanguage":"it-IT"},{"@type":"Organization","@id":"https:\/\/xn--caffdaada-33a.it\/#organization","name":"Da Ada","url":"https:\/\/xn--caffdaada-33a.it\/","logo":{"@type":"ImageObject","inLanguage":"it-IT","@id":"https:\/\/xn--caffdaada-33a.it\/#\/schema\/logo\/image\/","url":"https:\/\/xn--caffdaada-33a.it\/wp-content\/uploads\/2024\/11\/cropped-cropped-DA-ADA-1.png","contentUrl":"https:\/\/xn--caffdaada-33a.it\/wp-content\/uploads\/2024\/11\/cropped-cropped-DA-ADA-1.png","width":362,"height":362,"caption":"Da Ada"},"image":{"@id":"https:\/\/xn--caffdaada-33a.it\/#\/schema\/logo\/image\/"}}]}},"_links":{"self":[{"href":"https:\/\/xn--caffdaada-33a.it\/index.php?rest_route=\/wp\/v2\/pages\/2","targetHints":{"allow":["GET"]}}],"collection":[{"href":"https:\/\/xn--caffdaada-33a.it\/index.php?rest_route=\/wp\/v2\/pages"}],"about":[{"href":"https:\/\/xn--caffdaada-33a.it\/index.php?rest_route=\/wp\/v2\/types\/page"}],"author":[{"embeddable":true,"href":"https:\/\/xn--caffdaada-33a.it\/index.php?rest_route=\/wp\/v2\/users\/1"}],"replies":[{"embeddable":true,"href":"https:\/\/xn--caffdaada-33a.it\/index.php?rest_route=%2Fwp%2Fv2%2Fcomments&post=2"}],"version-history":[{"count":34,"href":"https:\/\/xn--caffdaada-33a.it\/index.php?rest_route=\/wp\/v2\/pages\/2\/revisions"}],"predecessor-version":[{"id":104,"href":"https:\/\/xn--caffdaada-33a.it\/index.php?rest_route=\/wp\/v2\/pages\/2\/revisions\/104"}],"wp:attachment":[{"href":"https:\/\/xn--caffdaada-33a.it\/index.php?rest_route=%2Fwp%2Fv2%2Fmedia&parent=2"}],"curies":[{"name":"wp","href":"https:\/\/api.w.org\/{rel}","templated":true}]}}